{"id":848,"date":"2019-02-27T20:44:12","date_gmt":"2019-02-27T17:44:12","guid":{"rendered":"http:\/\/mavrodimos-guesthouse.gr\/?page_id=848"},"modified":"2019-03-05T13:04:07","modified_gmt":"2019-03-05T10:04:07","slug":"herbes-et-plantes","status":"publish","type":"page","link":"https:\/\/mavrodimos-guesthouse.gr\/fr\/herbes-et-plantes\/","title":{"rendered":"Herbes et Plantes"},"content":{"rendered":"<p>Allons \u00e0 la station du ski en \u00e9t\u00e9 pour&#8230; du th\u00e9 de montagne, de la sauge et de la sarriette.<\/p>\n<p>Vous \u00eates-vous d\u00e9j\u00e0 demand\u00e9 o\u00f9 poussait le th\u00e9 de montagne ou quel \u00e9tait le paysage alpin du ski en \u00e9t\u00e9?<\/p>\n<p>Ensemble, nous collecterons des herbes m\u00e9dicinales telles que le c\u00e9l\u00e8bre th\u00e9 du Parnasse \u00e0 plus de 2 000 m d&#8217;altitude, profitant en meme temps de la beaut\u00e9 sauvage du Parnasse alpin. <\/p>\n<p>&nbsp;<\/p>\n<p style=\"text-align: right;\"><strong>Co\u00fbt: 20 euros \/ personne<\/strong><\/p>\n<h2>Photos<\/h2>\n<div class=\"gallery-1 gallery-wrapper columns-wrapper\"><div class=\"gallery-column\"><a class=\"gallery-item photoswipe-item\" data-caption=\"\" data-width=\"1500\" data-height=\"901\" href=\"https:\/\/mavrodimos-guesthouse.gr\/wp-content\/uploads\/2018\/05\/IMG_2486_1-1.jpg\"><img class=\"gallery-img-desktop\" src=\"https:\/\/mavrodimos-guesthouse.gr\/wp-content\/uploads\/2018\/05\/IMG_2486_1-1-413x232.jpg\" alt=\"\" \/><img class=\"gallery-img-mobile\" src=\"https:\/\/mavrodimos-guesthouse.gr\/wp-content\/uploads\/2018\/05\/IMG_2486_1-1-500x500.jpg\" alt=\"\" \/><div class=\"gallery-enlarge\"><\/div><\/a><\/div><div class=\"gallery-column\"><a class=\"gallery-item photoswipe-item\" data-caption=\"\" data-width=\"1500\" data-height=\"1000\" href=\"https:\/\/mavrodimos-guesthouse.gr\/wp-content\/uploads\/2018\/05\/IMG_2477_1.jpg\"><img class=\"gallery-img-desktop\" src=\"https:\/\/mavrodimos-guesthouse.gr\/wp-content\/uploads\/2018\/05\/IMG_2477_1-413x232.jpg\" alt=\"\" \/><img class=\"gallery-img-mobile\" src=\"https:\/\/mavrodimos-guesthouse.gr\/wp-content\/uploads\/2018\/05\/IMG_2477_1-500x500.jpg\" alt=\"\" \/><div class=\"gallery-enlarge\"><\/div><\/a><\/div><div class=\"gallery-column\"><a class=\"gallery-item photoswipe-item\" data-caption=\"\" data-width=\"1500\" data-height=\"1000\" href=\"https:\/\/mavrodimos-guesthouse.gr\/wp-content\/uploads\/2018\/05\/IMG_2466_1.jpg\"><img class=\"gallery-img-desktop\" src=\"https:\/\/mavrodimos-guesthouse.gr\/wp-content\/uploads\/2018\/05\/IMG_2466_1-413x232.jpg\" alt=\"\" \/><img class=\"gallery-img-mobile\" src=\"https:\/\/mavrodimos-guesthouse.gr\/wp-content\/uploads\/2018\/05\/IMG_2466_1-500x500.jpg\" alt=\"\" \/><div class=\"gallery-enlarge\"><\/div><\/a><\/div><div class=\"gallery-column\"><a class=\"gallery-item photoswipe-item\" data-caption=\"\" data-width=\"1500\" data-height=\"842\" href=\"https:\/\/mavrodimos-guesthouse.gr\/wp-content\/uploads\/2018\/05\/IMG_2437_1.jpg\"><img class=\"gallery-img-desktop\" src=\"https:\/\/mavrodimos-guesthouse.gr\/wp-content\/uploads\/2018\/05\/IMG_2437_1-413x232.jpg\" alt=\"\" \/><img class=\"gallery-img-mobile\" src=\"https:\/\/mavrodimos-guesthouse.gr\/wp-content\/uploads\/2018\/05\/IMG_2437_1-500x500.jpg\" alt=\"\" \/><div class=\"gallery-enlarge\"><\/div><\/a><\/div><style type=\"text\/css\">.gallery-1 .gallery-column { width: 25%; padding-bottom: 14.06%; }.gallery-1 { margin-left: -0px; margin-right: -0px; }.gallery-1 .gallery-item {bottom: 0px;left: 0px;right: 0px;top: 0px;}<\/style><\/div>\n<h2 style=\"text-align: center;\">Demandez-nous \u00e0 propos de cette activit\u00e9<\/h2>\n","protected":false},"excerpt":{"rendered":"<p>Allons \u00e0 la station du ski en \u00e9t\u00e9 pour&#8230; du th\u00e9 de montagne, de la sauge et de la sarriette. Vous \u00eates-vous d\u00e9j\u00e0 demand\u00e9 o\u00f9 poussait le th\u00e9 de montagne ou quel \u00e9tait le paysage alpin du ski en \u00e9t\u00e9? Ensemble, nous collecterons des herbes m\u00e9dicinales telles que le c\u00e9l\u00e8bre th\u00e9 du Parnasse \u00e0 plus [&hellip;]<\/p>\n","protected":false},"author":1,"featured_media":822,"parent":0,"menu_order":0,"comment_status":"closed","ping_status":"closed","template":"","meta":[],"_links":{"self":[{"href":"https:\/\/mavrodimos-guesthouse.gr\/fr\/wp-json\/wp\/v2\/pages\/848"}],"collection":[{"href":"https:\/\/mavrodimos-guesthouse.gr\/fr\/wp-json\/wp\/v2\/pages"}],"about":[{"href":"https:\/\/mavrodimos-guesthouse.gr\/fr\/wp-json\/wp\/v2\/types\/page"}],"author":[{"embeddable":true,"href":"https:\/\/mavrodimos-guesthouse.gr\/fr\/wp-json\/wp\/v2\/users\/1"}],"replies":[{"embeddable":true,"href":"https:\/\/mavrodimos-guesthouse.gr\/fr\/wp-json\/wp\/v2\/comments?post=848"}],"version-history":[{"count":5,"href":"https:\/\/mavrodimos-guesthouse.gr\/fr\/wp-json\/wp\/v2\/pages\/848\/revisions"}],"predecessor-version":[{"id":1004,"href":"https:\/\/mavrodimos-guesthouse.gr\/fr\/wp-json\/wp\/v2\/pages\/848\/revisions\/1004"}],"wp:featuredmedia":[{"embeddable":true,"href":"https:\/\/mavrodimos-guesthouse.gr\/fr\/wp-json\/wp\/v2\/media\/822"}],"wp:attachment":[{"href":"https:\/\/mavrodimos-guesthouse.gr\/fr\/wp-json\/wp\/v2\/media?parent=848"}],"curies":[{"name":"wp","href":"https:\/\/api.w.org\/{rel}","templated":true}]}}