{"id":853,"date":"2019-02-27T20:59:47","date_gmt":"2019-02-27T17:59:47","guid":{"rendered":"http:\/\/mavrodimos-guesthouse.gr\/?page_id=853"},"modified":"2023-11-09T20:51:14","modified_gmt":"2023-11-09T17:51:14","slug":"en-cuisine-avec-nous","status":"publish","type":"page","link":"https:\/\/mavrodimos-guesthouse.gr\/fr\/en-cuisine-avec-nous\/","title":{"rendered":"En cuisine avec nous!"},"content":{"rendered":"<p><strong>Du verger au feu. L&#8217;exp\u00e9rience gastronomique ultime,acquise de connaissances v\u00e9cues.<\/strong><\/p>\n<p><img loading=\"lazy\" class=\"alignleft size-medium wp-image-238\" src=\"http:\/\/mavrodimos-guesthouse.gr\/wp-content\/uploads\/2018\/04\/IMG_2320-2-300x200.jpg\" alt=\"\" width=\"300\" height=\"200\" srcset=\"https:\/\/mavrodimos-guesthouse.gr\/wp-content\/uploads\/2018\/04\/IMG_2320-2-300x200.jpg 300w, https:\/\/mavrodimos-guesthouse.gr\/wp-content\/uploads\/2018\/04\/IMG_2320-2.jpg 500w\" sizes=\"(max-width: 300px) 100vw, 300px\" \/>La nourriture a un go\u00fbt diff\u00e9rent quand on participe \u00e0 la collecte et la production.P\u00e9trir les tartes traditionnelles faites \u00e0 la main avec nous, ramasser les l\u00e9gumes de notre verger, traire nos ch\u00e8vres, ramasser les oeufs de nos poules, ramasser les cerises et les fraises de notre domaine, cuisiner avec nous et d\u00e9guster les fruits de votre travail au restaurant de l&#8217;auberge , surplombant les imposantes montagnes du <strong>Parnasse<\/strong>.<\/p>\n<p>&nbsp;<\/p>\n<p>Les produits servis au petit-d\u00e9jeuner et aux repas proviennent principalement de la production de notre verger et de producteurs locaux.Notre objectif est de promouvoir l\u2019importance de conna\u00eetre chacun de ce qu\u2019il consomme.<\/p>\n<p>La cuisine est comprise dans les forfaits d&#8217;h\u00e9bergement. Sinon, vous pouvez choisir l&#8217;exp\u00e9rience de participer \u00e0 la cuisson des repas en tant qu&#8217;activit\u00e9 <strong>alternative<\/strong> suppl\u00e9mentaire sur demande.<\/p>\n<p style=\"text-align: right;\">Co\u00fbt: <strong>40 euros \/ personne<\/strong><\/p>\n<h2 style=\"text-align: center;\">Demandez-nous \u00e0 propos de cette activit\u00e9<\/h2>\n","protected":false},"excerpt":{"rendered":"<p>Du verger au feu. L&#8217;exp\u00e9rience gastronomique ultime,acquise de connaissances v\u00e9cues. La nourriture a un go\u00fbt diff\u00e9rent quand on participe \u00e0 la collecte et la production.P\u00e9trir les tartes traditionnelles faites \u00e0 la main avec nous, ramasser les l\u00e9gumes de notre verger, traire nos ch\u00e8vres, ramasser les oeufs de nos poules, ramasser les cerises et les fraises [&hellip;]<\/p>\n","protected":false},"author":1,"featured_media":818,"parent":0,"menu_order":0,"comment_status":"closed","ping_status":"closed","template":"","meta":[],"_links":{"self":[{"href":"https:\/\/mavrodimos-guesthouse.gr\/fr\/wp-json\/wp\/v2\/pages\/853"}],"collection":[{"href":"https:\/\/mavrodimos-guesthouse.gr\/fr\/wp-json\/wp\/v2\/pages"}],"about":[{"href":"https:\/\/mavrodimos-guesthouse.gr\/fr\/wp-json\/wp\/v2\/types\/page"}],"author":[{"embeddable":true,"href":"https:\/\/mavrodimos-guesthouse.gr\/fr\/wp-json\/wp\/v2\/users\/1"}],"replies":[{"embeddable":true,"href":"https:\/\/mavrodimos-guesthouse.gr\/fr\/wp-json\/wp\/v2\/comments?post=853"}],"version-history":[{"count":7,"href":"https:\/\/mavrodimos-guesthouse.gr\/fr\/wp-json\/wp\/v2\/pages\/853\/revisions"}],"predecessor-version":[{"id":1700,"href":"https:\/\/mavrodimos-guesthouse.gr\/fr\/wp-json\/wp\/v2\/pages\/853\/revisions\/1700"}],"wp:featuredmedia":[{"embeddable":true,"href":"https:\/\/mavrodimos-guesthouse.gr\/fr\/wp-json\/wp\/v2\/media\/818"}],"wp:attachment":[{"href":"https:\/\/mavrodimos-guesthouse.gr\/fr\/wp-json\/wp\/v2\/media?parent=853"}],"curies":[{"name":"wp","href":"https:\/\/api.w.org\/{rel}","templated":true}]}}