{"id":858,"date":"2019-02-27T21:19:44","date_gmt":"2019-02-27T18:19:44","guid":{"rendered":"http:\/\/mavrodimos-guesthouse.gr\/?page_id=858"},"modified":"2019-03-01T17:14:55","modified_gmt":"2019-03-01T14:14:55","slug":"randonnee","status":"publish","type":"page","link":"https:\/\/mavrodimos-guesthouse.gr\/fr\/randonnee\/","title":{"rendered":"Randonn\u00e9e"},"content":{"rendered":"<p>Notre point de d\u00e9part est l\u2019 auberge &#8220;Mavrodimos&#8221; et en collaboration avec le guide de montagne certifi\u00e9 The North Face, Nikos Todoulos, nous marchons ensemble sur les magnifiques sentiers de la r\u00e9gion, toujours accompagn\u00e9s par un guide professionnel. Le choix d\u2019 itin\u00e9raire depend de la saison et du degr\u00e9 de difficult\u00e9 que nous voulons. Les sentiers traversent des for\u00eats de sapins,et passent devant des monuments et des sites touristiques du Parnasse.<\/p>\n<p>Les randonn\u00e9es sont incluses dans les forfaits que nous avons pr\u00e9par\u00e9s pour vous. Alternativement, on peut organiser l&#8217;itin\u00e9raire que vous voulez sur demande.<\/p>\n<p>Sentier europ\u00e9en E4: Eptalofos (Agoriani) \u2013 Delphes (infos et carte du sentier)<br \/>\nDur\u00e9e 4-5 heures.Retour en voiture de Delphes.<br \/>\nCo\u00fbt:\u00a0<strong>35 euros \/ personne<\/strong><\/p>\n<p>Eptalofos (Agoriani) -Glacier Eptastomos-Eptalofos (Agoriani)<br \/>\nDur\u00e9e 3 heures.<br \/>\nCo\u00fbt: <strong>15 euros \/ personne<\/strong><\/p>\n<p>Promenade autour du village<br \/>\nDur\u00e9e 2,5 heures.<br \/>\nCo\u00fbt: <strong>10 euros \/ personne<\/strong><\/p>\n<div class=\"gallery-1 gallery-wrapper columns-wrapper\"><div class=\"gallery-column\"><a class=\"gallery-item photoswipe-item\" data-caption=\"\u03a4\u03bf \u03bc\u03bf\u03bd\u03bf\u03c0\u03ac\u03c4\u03b9 \u03bc\u03b1\u03c2 \u03bc\u03b5 \u03c7\u03b9\u03bf\u03bd\u03bf\u03c1\u03b1\u03ba\u03ad\u03c4\u03b5\u03c2\" data-width=\"1836\" data-height=\"3264\" href=\"https:\/\/mavrodimos-guesthouse.gr\/wp-content\/uploads\/2019\/01\/20190101_164504-e1546783963155.jpg\"><img class=\"gallery-img-desktop\" src=\"https:\/\/mavrodimos-guesthouse.gr\/wp-content\/uploads\/2019\/01\/20190101_164504-e1546783963155-330x186.jpg\" alt=\"\" \/><img class=\"gallery-img-mobile\" src=\"https:\/\/mavrodimos-guesthouse.gr\/wp-content\/uploads\/2019\/01\/20190101_164504-e1546783963155-500x500.jpg\" alt=\"\" \/><div class=\"gallery-enlarge\"><\/div><\/a><\/div><div class=\"gallery-column\"><a class=\"gallery-item photoswipe-item\" data-caption=\"\" data-width=\"1500\" data-height=\"842\" href=\"https:\/\/mavrodimos-guesthouse.gr\/wp-content\/uploads\/2018\/05\/IMG_1796.jpg\"><img class=\"gallery-img-desktop\" src=\"https:\/\/mavrodimos-guesthouse.gr\/wp-content\/uploads\/2018\/05\/IMG_1796-330x186.jpg\" alt=\"\" \/><img class=\"gallery-img-mobile\" src=\"https:\/\/mavrodimos-guesthouse.gr\/wp-content\/uploads\/2018\/05\/IMG_1796-500x500.jpg\" alt=\"\" \/><div class=\"gallery-enlarge\"><\/div><\/a><\/div><div class=\"gallery-column\"><a class=\"gallery-item photoswipe-item\" data-caption=\"\" data-width=\"1500\" data-height=\"842\" href=\"https:\/\/mavrodimos-guesthouse.gr\/wp-content\/uploads\/2018\/05\/IMG_1862_1.jpg\"><img class=\"gallery-img-desktop\" src=\"https:\/\/mavrodimos-guesthouse.gr\/wp-content\/uploads\/2018\/05\/IMG_1862_1-330x186.jpg\" alt=\"\" \/><img class=\"gallery-img-mobile\" src=\"https:\/\/mavrodimos-guesthouse.gr\/wp-content\/uploads\/2018\/05\/IMG_1862_1-500x500.jpg\" alt=\"\" \/><div class=\"gallery-enlarge\"><\/div><\/a><\/div><div class=\"gallery-column\"><a class=\"gallery-item photoswipe-item\" data-caption=\"\" data-width=\"1500\" data-height=\"842\" href=\"https:\/\/mavrodimos-guesthouse.gr\/wp-content\/uploads\/2018\/05\/IMG_1869_1.jpg\"><img class=\"gallery-img-desktop\" src=\"https:\/\/mavrodimos-guesthouse.gr\/wp-content\/uploads\/2018\/05\/IMG_1869_1-330x186.jpg\" alt=\"\" \/><img class=\"gallery-img-mobile\" src=\"https:\/\/mavrodimos-guesthouse.gr\/wp-content\/uploads\/2018\/05\/IMG_1869_1-500x500.jpg\" alt=\"\" \/><div class=\"gallery-enlarge\"><\/div><\/a><\/div><div class=\"gallery-column\"><a class=\"gallery-item photoswipe-item\" data-caption=\"\" data-width=\"1500\" data-height=\"842\" href=\"https:\/\/mavrodimos-guesthouse.gr\/wp-content\/uploads\/2018\/05\/IMG_1888.jpg\"><img class=\"gallery-img-desktop\" src=\"https:\/\/mavrodimos-guesthouse.gr\/wp-content\/uploads\/2018\/05\/IMG_1888-330x186.jpg\" alt=\"\" \/><img class=\"gallery-img-mobile\" src=\"https:\/\/mavrodimos-guesthouse.gr\/wp-content\/uploads\/2018\/05\/IMG_1888-500x500.jpg\" alt=\"\" \/><div class=\"gallery-enlarge\"><\/div><\/a><\/div><div class=\"gallery-column\"><a class=\"gallery-item photoswipe-item\" data-caption=\"\" data-width=\"1500\" data-height=\"842\" href=\"https:\/\/mavrodimos-guesthouse.gr\/wp-content\/uploads\/2018\/05\/IMG_2078_1.jpg\"><img class=\"gallery-img-desktop\" src=\"https:\/\/mavrodimos-guesthouse.gr\/wp-content\/uploads\/2018\/05\/IMG_2078_1-330x186.jpg\" alt=\"\" \/><img class=\"gallery-img-mobile\" src=\"https:\/\/mavrodimos-guesthouse.gr\/wp-content\/uploads\/2018\/05\/IMG_2078_1-500x500.jpg\" alt=\"\" \/><div class=\"gallery-enlarge\"><\/div><\/a><\/div><style type=\"text\/css\">.gallery-1 .gallery-column { width: 20%; padding-bottom: 11.25%; }.gallery-1 { margin-left: -0px; margin-right: -0px; }.gallery-1 .gallery-item {bottom: 0px;left: 0px;right: 0px;top: 0px;}<\/style><\/div>\n<h2 style=\"text-align: center;\">Demandez-nous \u00e0 propos de cette activit\u00e9<\/h2>\n","protected":false},"excerpt":{"rendered":"<p>Notre point de d\u00e9part est l\u2019 auberge &#8220;Mavrodimos&#8221; et en collaboration avec le guide de montagne certifi\u00e9 The North Face, Nikos Todoulos, nous marchons ensemble sur les magnifiques sentiers de la r\u00e9gion, toujours accompagn\u00e9s par un guide professionnel. Le choix d\u2019 itin\u00e9raire depend de la saison et du degr\u00e9 de difficult\u00e9 que nous voulons. Les [&hellip;]<\/p>\n","protected":false},"author":1,"featured_media":819,"parent":0,"menu_order":0,"comment_status":"closed","ping_status":"closed","template":"","meta":[],"_links":{"self":[{"href":"https:\/\/mavrodimos-guesthouse.gr\/fr\/wp-json\/wp\/v2\/pages\/858"}],"collection":[{"href":"https:\/\/mavrodimos-guesthouse.gr\/fr\/wp-json\/wp\/v2\/pages"}],"about":[{"href":"https:\/\/mavrodimos-guesthouse.gr\/fr\/wp-json\/wp\/v2\/types\/page"}],"author":[{"embeddable":true,"href":"https:\/\/mavrodimos-guesthouse.gr\/fr\/wp-json\/wp\/v2\/users\/1"}],"replies":[{"embeddable":true,"href":"https:\/\/mavrodimos-guesthouse.gr\/fr\/wp-json\/wp\/v2\/comments?post=858"}],"version-history":[{"count":1,"href":"https:\/\/mavrodimos-guesthouse.gr\/fr\/wp-json\/wp\/v2\/pages\/858\/revisions"}],"predecessor-version":[{"id":859,"href":"https:\/\/mavrodimos-guesthouse.gr\/fr\/wp-json\/wp\/v2\/pages\/858\/revisions\/859"}],"wp:featuredmedia":[{"embeddable":true,"href":"https:\/\/mavrodimos-guesthouse.gr\/fr\/wp-json\/wp\/v2\/media\/819"}],"wp:attachment":[{"href":"https:\/\/mavrodimos-guesthouse.gr\/fr\/wp-json\/wp\/v2\/media?parent=858"}],"curies":[{"name":"wp","href":"https:\/\/api.w.org\/{rel}","templated":true}]}}