{"id":860,"date":"2019-02-27T21:40:07","date_gmt":"2019-02-27T18:40:07","guid":{"rendered":"http:\/\/mavrodimos-guesthouse.gr\/?page_id=860"},"modified":"2019-03-30T11:58:35","modified_gmt":"2019-03-30T08:58:35","slug":"mountain-bike-delphi-parnassos","status":"publish","type":"page","link":"https:\/\/mavrodimos-guesthouse.gr\/fr\/mountain-bike-delphi-parnassos\/","title":{"rendered":"Cyclisme"},"content":{"rendered":"<p>La masse montagneuse du <strong>Parnasse<\/strong> est id\u00e9ale pour le <strong>VTT<\/strong>. Depuis notre auberge et avec l\u2019accompagnement de Kostas Michael, un professionnel de v\u00e9lo de montagne, nous montons \u00e0 v\u00e9lo et prenons les &#8230; montagnes!<\/p>\n<p>Vous avez le choix de louer des v\u00e9los et du mat\u00e9riel si vous n\u2019avez pas le v\u00f4tre.<\/p>\n<p>Les <strong>circuits \u00e0 v\u00e9lo<\/strong> sont inclus dans les forfaits que nous avons pr\u00e9par\u00e9s pour vous. <strong>Alternativement<\/strong>, on peut organizer l&#8217;excursion de votre choix sur demande.<\/p>\n<p><strong>Itin\u00e9raire avec un guide, dur\u00e9e 4 heures, \u00e9quipement compris<br \/>\n<\/strong>Co\u00fbt: 50 euros \/ personne<\/p>\n<p><strong>Location de mat\u00e9riel pour 12 heures<\/strong><br \/>\nCo\u00fbt: 25 euros \/ personne<\/p>\n<h2 style=\"text-align: center;\">Demandez-nous \u00e0 propos de cette activit\u00e9<\/h2>\n","protected":false},"excerpt":{"rendered":"<p>La masse montagneuse du Parnasse est id\u00e9ale pour le VTT. Depuis notre auberge et avec l\u2019accompagnement de Kostas Michael, un professionnel de v\u00e9lo de montagne, nous montons \u00e0 v\u00e9lo et prenons les &#8230; montagnes! Vous avez le choix de louer des v\u00e9los et du mat\u00e9riel si vous n\u2019avez pas le v\u00f4tre. Les circuits \u00e0 v\u00e9lo [&hellip;]<\/p>\n","protected":false},"author":1,"featured_media":863,"parent":0,"menu_order":0,"comment_status":"closed","ping_status":"closed","template":"","meta":[],"_links":{"self":[{"href":"https:\/\/mavrodimos-guesthouse.gr\/fr\/wp-json\/wp\/v2\/pages\/860"}],"collection":[{"href":"https:\/\/mavrodimos-guesthouse.gr\/fr\/wp-json\/wp\/v2\/pages"}],"about":[{"href":"https:\/\/mavrodimos-guesthouse.gr\/fr\/wp-json\/wp\/v2\/types\/page"}],"author":[{"embeddable":true,"href":"https:\/\/mavrodimos-guesthouse.gr\/fr\/wp-json\/wp\/v2\/users\/1"}],"replies":[{"embeddable":true,"href":"https:\/\/mavrodimos-guesthouse.gr\/fr\/wp-json\/wp\/v2\/comments?post=860"}],"version-history":[{"count":6,"href":"https:\/\/mavrodimos-guesthouse.gr\/fr\/wp-json\/wp\/v2\/pages\/860\/revisions"}],"predecessor-version":[{"id":1068,"href":"https:\/\/mavrodimos-guesthouse.gr\/fr\/wp-json\/wp\/v2\/pages\/860\/revisions\/1068"}],"wp:featuredmedia":[{"embeddable":true,"href":"https:\/\/mavrodimos-guesthouse.gr\/fr\/wp-json\/wp\/v2\/media\/863"}],"wp:attachment":[{"href":"https:\/\/mavrodimos-guesthouse.gr\/fr\/wp-json\/wp\/v2\/media?parent=860"}],"curies":[{"name":"wp","href":"https:\/\/api.w.org\/{rel}","templated":true}]}}